{"id":95674,"date":"2018-11-15T21:16:24","date_gmt":"2018-11-15T20:16:24","guid":{"rendered":"https:\/\/carpanelli.com\/privacy-policy\/"},"modified":"2024-11-18T17:17:27","modified_gmt":"2024-11-18T16:17:27","slug":"privacy-policy","status":"publish","type":"page","link":"https:\/\/carpanelli.com\/ru\/privacy-policy\/","title":{"rendered":"Privacy Policy"},"content":{"rendered":"<div class=\"fusion-fullwidth fullwidth-box fusion-builder-row-1 nonhundred-percent-fullwidth non-hundred-percent-height-scrolling\" style=\"--awb-border-radius-top-left:0px;--awb-border-radius-top-right:0px;--awb-border-radius-bottom-right:0px;--awb-border-radius-bottom-left:0px;--awb-flex-wrap:wrap;\" ><div class=\"fusion-builder-row fusion-row\"><div class=\"fusion-layout-column fusion_builder_column fusion-builder-column-0 fusion_builder_column_1_1 1_1 fusion-one-full fusion-column-first fusion-column-last\" style=\"--awb-bg-size:cover;--awb-margin-bottom:0px;\"><div class=\"fusion-column-wrapper fusion-flex-column-wrapper-legacy\"><div class=\"fusion-title title fusion-title-1 fusion-title-text fusion-title-size-one\"><h1 class=\"fusion-title-heading title-heading-left fusion-responsive-typography-calculated\" style=\"margin:0;--fontSize:70;line-height:1.25;\">Informativa Privacy<\/h1><span class=\"awb-title-spacer\"><\/span><div class=\"title-sep-container\"><div class=\"title-sep sep- sep-solid\" style=\"border-color:#e0dede;\"><\/div><\/div><\/div><div class=\"fusion-text fusion-text-1\"><h3>Documento informativo ai sensi e per gli effetti di cui all\u2019articolo 13 del Regolamento (UE) 2016\/679 (GDPR)<\/h3>\n<p>Carpanelli S.r.l., in qualit\u00e0 di Titolare del Trattamento, pone la massima attenzione alla tutela dei dati personali di clienti, partner e tutti gli interessati coinvolti nelle sue attivit\u00e0. Il trattamento dei dati personali \u00e8 effettuato in conformit\u00e0 al Regolamento (UE) 2016\/679, garantendo che ogni operazione di gestione sia svolta in modo sicuro e rispettoso dei diritti e delle libert\u00e0 degli interessati.<br \/>Per dati personali si intende qualsiasi informazione che permetta di identificare, direttamente o indirettamente, una persona fisica, come definito all\u2019art. 4 del GDPR. La presente informativa \u00e8 redatta in linea con i principi di trasparenza e chiarezza e ha l\u2019obiettivo di fornire agli interessati tutte le informazioni necessarie affinch\u00e9 possano conoscere, in modo consapevole, come Carpanelli S.r.l. tratta e protegge i loro dati personali.<\/p>\n<h3>IL \u201cTITOLARE\u201d DEL TRATTAMENTO<\/h3>\n<p>A seguito della consultazione di questo sito possono essere trattati dati relativi a persone identificate o identificabili. Il \u201ctitolare\u201d del trattamento \u00e8 <strong>Carpanelli S.r.l.<\/strong>, con sede legale in Via Brescia 5, 20832 Desio (MB), nella persona del legale rappresentante pro tempore, reperibile all&#8217;indirizzo e-mail <strong>privacy@carpanelli.com<\/strong>.<\/p>\n<h3>FINALIT\u00c0 E BASE GIURIDICA DEL TRATTAMENTO<\/h3>\n<p>I dati di natura personale forniti saranno trattati, nel rispetto delle condizioni di liceit\u00e0 ex art. 6 lett. f) (legittimo interesse) Reg. UE 2016\/679, per le seguenti finalit\u00e0:<\/p>\n<ul>\n<li>navigazione sul sito <a href=\"https:\/\/carpanelli.com\/?lang=ru\"><strong>https:\/\/carpanelli.com<\/strong><\/a>&nbsp;e sui suoi domini di terzo livello;<\/li>\n<li>eventuale richiesta di contatto, con invio di informazioni da Lei richieste;<\/li>\n<li>eventuale compilazione di form di raccolta dati in aree dedicate;<\/li>\n<li>attivit\u00e0 amministrativo-contabili in genere.<\/li>\n<\/ul>\n<p>I trattamenti per finalit\u00e0 amministrativo-contabili comprendono tutte le attivit\u00e0 organizzative, amministrative, finanziarie e contabili legate agli obblighi contrattuali e precontrattuali e alle attivit\u00e0 informative.<br \/>Per ciascuna finalit\u00e0 di trattamento, \u00e8 stata identificata la base giuridica appropriata ai sensi degli artt. 6 e 9 del GDPR. Per il trattamento di categorie particolari di dati personali, ove necessario, verr\u00e0 richiesto il consenso esplicito degli interessati, in conformit\u00e0 all\u2019art. 9 del GDPR.<\/p>\n<h3>TRASFERIMENTO DATI VERSO PAESI EXTRA UE<\/h3>\n<p>I dati di natura personale forniti non saranno trasferiti in Paesi Extra Unione Europea.<br \/>In caso di trasferimento verso paesi fuori dall&#8217;UE, il titolare garantisce che tali trasferimenti siano soggetti a misure di protezione adeguate, in conformit\u00e0 con gli artt. 44 e 45 del GDPR.<\/p>\n<p>L\u2019interessato potr\u00e0 ottenere informazioni circa le garanzie per il trasferimento dati scrivendo una mail all\u2019indirizzo <strong>privacy@carpanelli.com<\/strong>&nbsp;o presso la sede di Carpanelli S.r.l.<\/p>\n<h3>PERIODO DI CONSERVAZIONE DEI DATI<\/h3>\n<p>Il trattamento sar\u00e0 svolto in forma automatizzata e manuale, con modalit\u00e0 e strumenti volti a garantire la massima sicurezza e riservatezza, ad opera di soggetti di ci\u00f2 appositamente incaricati.<br \/>Nel rispetto di quanto previsto dall\u2019art. 5 comma 1 lett. e) del Reg. UE 2016\/679, i dati personali raccolti verranno conservati in una forma che consenta l\u2019identificazione degli interessati per un arco di tempo non superiore al conseguimento delle finalit\u00e0 per le quali i dati personali sono trattati. La conservazione dei dati di natura personale forniti dipende dalla finalit\u00e0 del trattamento:<\/p>\n<ul>\n<li>navigazione sul presente sito web;<\/li>\n<li>per richiesta di contatto (massimo 1 anno);<\/li>\n<li>comunicazioni promozionali in genere via e-mail, che si basano sull\u2019interesse legittimo (massimo 24 mesi);<\/li>\n<li>tempistica determinata sulla base di criteri di cui l\u2019interessato pu\u00f2 avere informazioni scrivendo all\u2019indirizzo<strong> privacy@carpanelli.com<\/strong>&nbsp;o presso la sede di Carpanelli S.r.l. in conformit\u00e0 con gli artt. 5 e 6 del GDPR.<\/li>\n<\/ul>\n<h3>DIRITTI DEGLI INTERESSATI<\/h3>\n<p>Lei potr\u00e0 far valere i propri diritti come espressi dal Regolamento UE 2016\/679, rivolgendosi al Titolare, inviando una e-mail all\u2019indirizzo <strong>privacy@carpanelli.com<\/strong>&nbsp;o presso la sede di Carpanelli S.r.l.<br \/>Lei ha il diritto, in qualunque momento, di chiedere al Titolare del trattamento l\u2019accesso ai Suoi dati personali (art. 15), la rettifica (art. 16) o la cancellazione (art 17) degli stessi, o la limitazione del trattamento (art 18) o di opporsi al loro trattamento basato sul legittimo interesse (art 21).<br \/>Revoca del consenso. Il trattamento non ha base giuridica nel consenso ma nell\u2019interesse legittimo. Qualora il trattamento sia basato sul consenso, lei ha il diritto di revocare il consenso in qualsiasi momento senza pregiudicare la liceit\u00e0 del trattamento basata sul consenso prestato prima della revoca;<br \/>Per opporsi al trattamento e per esercitare gli altri diritti potr\u00e0 scrivere all\u2019indirizzo <strong>privacy@carpanelli.com<\/strong>&nbsp;o presso la sede di Carpanelli S.r.l.<br \/>Lei ha il diritto di proporre reclamo a un\u2019autorit\u00e0 di controllo, come previsto dall&#8217;art. 77 del GDPR.<br \/>La comunicazione di dati personali non \u00e8 un obbligo. Lei \u00e8 libero di fornire i dati personali nelle aree dedicate sul sito. Il mancato conferimento dei dati personali comporta l\u2019impossibilit\u00e0 di fruire dei servizi offerti dal titolare del trattamento. Non vi \u00e8 l\u2019esistenza di un processo decisionale automatizzato.<br \/>Si segnala che \u00e8 garantito il diritto di accedere ai propri dati in modalit\u00e0 trasparente e facilmente comprensibile, come stabilito dall&#8217;art. 12 del GDPR.<\/p>\n<h3>MODIFICHE ALL\u2019INFORMATIVA SULLA PRIVACY<\/h3>\n<p>Il titolare si riserva il diritto di modificare, aggiornare, aggiungere o rimuovere parti della presente informativa sulla privacy a propria discrezione e in qualsiasi momento. La persona interessata pu\u00f2 verificare in qualsiasi momento le eventuali modifiche. Al fine di facilitare tale verifica l\u2019informativa conterr\u00e0 l\u2019indicazione della data di aggiornamento dell\u2019informativa.<\/p>\n<p>Data di aggiornamento: 18.11.2024<\/p>\n<\/div><div class=\"fusion-clearfix\"><\/div><\/div><\/div><\/div><\/div>\n","protected":false},"excerpt":{"rendered":"","protected":false},"author":4,"featured_media":0,"parent":0,"menu_order":0,"comment_status":"closed","ping_status":"closed","template":"","meta":{"_acf_changed":false,"footnotes":""},"class_list":["post-95674","page","type-page","status-publish","hentry"],"acf":[],"_links":{"self":[{"href":"https:\/\/carpanelli.com\/ru\/wp-json\/wp\/v2\/pages\/95674","targetHints":{"allow":["GET"]}}],"collection":[{"href":"https:\/\/carpanelli.com\/ru\/wp-json\/wp\/v2\/pages"}],"about":[{"href":"https:\/\/carpanelli.com\/ru\/wp-json\/wp\/v2\/types\/page"}],"author":[{"embeddable":true,"href":"https:\/\/carpanelli.com\/ru\/wp-json\/wp\/v2\/users\/4"}],"replies":[{"embeddable":true,"href":"https:\/\/carpanelli.com\/ru\/wp-json\/wp\/v2\/comments?post=95674"}],"version-history":[{"count":0,"href":"https:\/\/carpanelli.com\/ru\/wp-json\/wp\/v2\/pages\/95674\/revisions"}],"wp:attachment":[{"href":"https:\/\/carpanelli.com\/ru\/wp-json\/wp\/v2\/media?parent=95674"}],"curies":[{"name":"wp","href":"https:\/\/api.w.org\/{rel}","templated":true}]}}