{"id":42024,"date":"2023-02-14T18:16:11","date_gmt":"2023-02-14T17:25:33","guid":{"rendered":"https:\/\/carpanelli.com\/?post_type=product&#038;p=42024&#038;lang=en"},"modified":"2023-02-15T14:45:00","modified_gmt":"2023-02-15T13:45:00","slug":"desyo-modular-equipped-wall","status":"publish","type":"product","link":"https:\/\/carpanelli.com\/en\/prodotto\/desyo-modular-equipped-wall\/","title":{"rendered":"Desyo System"},"content":{"rendered":"<p>Modular equipped wall. The various elements can be combined together in order to create various solutions.<br \/>\nAvailable elements:<br \/>\nDouble height base in Sycomoro dark fris\u00e8 (F117) with drawers with push and pull closing, boiserie panels in Pama (F119), shaped shelves in Sycomoro dark fris\u00e8 (F117), glass cabinet with structure in Sycomoro dark fris\u00e8 (F117) and drawers with front in Pama (F119), doors with colored aluminum profile.<\/p>\n","protected":false},"excerpt":{"rendered":"<p>Modular equipped wall. The various elements can be combined together in order to create various solutions. Available elements: Double height base in Sycomoro dark fris\u00e8 (F117) with drawers with push and pull closing, boiserie  [&#8230;]<\/p>\n","protected":false},"featured_media":75472,"template":"","meta":{"_acf_changed":false},"product_brand":[],"product_cat":[9293,9313,9315],"product_tag":[],"class_list":{"0":"post-42024","1":"product","2":"type-product","3":"status-publish","4":"has-post-thumbnail","6":"product_cat-contemporary-en","7":"product_cat-systems-contemporary-en","8":"product_cat-modulars-boiserie-contemporary-en","10":"first","11":"instock","12":"shipping-taxable","13":"purchasable","14":"product-type-simple"},"acf":[],"_links":{"self":[{"href":"https:\/\/carpanelli.com\/en\/wp-json\/wp\/v2\/product\/42024","targetHints":{"allow":["GET"]}}],"collection":[{"href":"https:\/\/carpanelli.com\/en\/wp-json\/wp\/v2\/product"}],"about":[{"href":"https:\/\/carpanelli.com\/en\/wp-json\/wp\/v2\/types\/product"}],"wp:featuredmedia":[{"embeddable":true,"href":"https:\/\/carpanelli.com\/en\/wp-json\/wp\/v2\/media\/75472"}],"wp:attachment":[{"href":"https:\/\/carpanelli.com\/en\/wp-json\/wp\/v2\/media?parent=42024"}],"wp:term":[{"taxonomy":"product_brand","embeddable":true,"href":"https:\/\/carpanelli.com\/en\/wp-json\/wp\/v2\/product_brand?post=42024"},{"taxonomy":"product_cat","embeddable":true,"href":"https:\/\/carpanelli.com\/en\/wp-json\/wp\/v2\/product_cat?post=42024"},{"taxonomy":"product_tag","embeddable":true,"href":"https:\/\/carpanelli.com\/en\/wp-json\/wp\/v2\/product_tag?post=42024"}],"curies":[{"name":"wp","href":"https:\/\/api.w.org\/{rel}","templated":true}]}}