{"id":11689,"date":"2023-02-14T18:15:29","date_gmt":"2023-02-14T17:15:29","guid":{"rendered":"https:\/\/carpanelli.com\/?post_type=product&#038;p=11689&#038;lang=en"},"modified":"2023-02-15T20:59:14","modified_gmt":"2023-02-15T19:59:14","slug":"toilette-cartesio","status":"publish","type":"product","link":"https:\/\/carpanelli.com\/en\/prodotto\/toilette-cartesio\/","title":{"rendered":"Cartesio Toilette"},"content":{"rendered":"<div id=\"shortdescription\">\n<p>Night group available with Sycomoro fris\u00e9 dark structure and details in Sycamore light fris\u00e9, or structure in light Sycamore fris\u00e9 and details in Sycomoro fris\u00e9 dark. The top is available in black Marquinho marble or wood. Drawers opening with push and pull mechanism and slow closing. The collection includes: chest of drawers, toilets and bedside tables.<\/p>\n<\/div>\n","protected":false},"excerpt":{"rendered":"<p>Night group available with Sycomoro fris\u00e9 dark structure and details in Sycamore light fris\u00e9, or structure in light Sycamore fris\u00e9 and details in Sycomoro fris\u00e9 dark. The top is available in black Marquinho marble  [&#8230;]<\/p>\n","protected":false},"featured_media":96282,"template":"","meta":{"_acf_changed":false},"product_brand":[],"product_cat":[9293,9327,9325],"product_tag":[],"class_list":{"0":"post-11689","1":"product","2":"type-product","3":"status-publish","4":"has-post-thumbnail","6":"product_cat-contemporary-en","7":"product_cat-dresser-nightstand-contemporary-en","8":"product_cat-nightime-zone-contemporary-en","10":"first","11":"instock","12":"shipping-taxable","13":"purchasable","14":"product-type-simple"},"acf":[],"_links":{"self":[{"href":"https:\/\/carpanelli.com\/en\/wp-json\/wp\/v2\/product\/11689","targetHints":{"allow":["GET"]}}],"collection":[{"href":"https:\/\/carpanelli.com\/en\/wp-json\/wp\/v2\/product"}],"about":[{"href":"https:\/\/carpanelli.com\/en\/wp-json\/wp\/v2\/types\/product"}],"wp:featuredmedia":[{"embeddable":true,"href":"https:\/\/carpanelli.com\/en\/wp-json\/wp\/v2\/media\/96282"}],"wp:attachment":[{"href":"https:\/\/carpanelli.com\/en\/wp-json\/wp\/v2\/media?parent=11689"}],"wp:term":[{"taxonomy":"product_brand","embeddable":true,"href":"https:\/\/carpanelli.com\/en\/wp-json\/wp\/v2\/product_brand?post=11689"},{"taxonomy":"product_cat","embeddable":true,"href":"https:\/\/carpanelli.com\/en\/wp-json\/wp\/v2\/product_cat?post=11689"},{"taxonomy":"product_tag","embeddable":true,"href":"https:\/\/carpanelli.com\/en\/wp-json\/wp\/v2\/product_tag?post=11689"}],"curies":[{"name":"wp","href":"https:\/\/api.w.org\/{rel}","templated":true}]}}