{"id":101681,"date":"2024-11-18T11:57:29","date_gmt":"2024-11-18T10:57:29","guid":{"rendered":"https:\/\/carpanelli.com\/web-policy-e-cookies\/"},"modified":"2024-11-18T17:42:02","modified_gmt":"2024-11-18T16:42:02","slug":"web-policy-e-cookies","status":"publish","type":"page","link":"https:\/\/carpanelli.com\/en\/web-policy-e-cookies\/","title":{"rendered":"Web Policy e Cookies"},"content":{"rendered":"<div class=\"fusion-fullwidth fullwidth-box fusion-builder-row-1 nonhundred-percent-fullwidth non-hundred-percent-height-scrolling\" style=\"--awb-border-radius-top-left:0px;--awb-border-radius-top-right:0px;--awb-border-radius-bottom-right:0px;--awb-border-radius-bottom-left:0px;--awb-flex-wrap:wrap;\" ><div class=\"fusion-builder-row fusion-row\"><div class=\"fusion-layout-column fusion_builder_column fusion-builder-column-0 fusion_builder_column_1_1 1_1 fusion-one-full fusion-column-first fusion-column-last\" style=\"--awb-bg-blend:overlay;--awb-bg-size:cover;--awb-margin-bottom:0px;\"><div class=\"fusion-column-wrapper fusion-flex-column-wrapper-legacy\"><div class=\"fusion-title title fusion-title-1 fusion-title-text fusion-title-size-one\" style=\"--awb-font-size:36px;\"><h1 class=\"fusion-title-heading title-heading-left fusion-responsive-typography-calculated\" style=\"margin:0;font-size:1em;--fontSize:36;line-height:1.25;\"><strong>Informativa Privacy per il sito web di Carpanelli Srl<\/strong><\/h1><span class=\"awb-title-spacer\"><\/span><div class=\"title-sep-container\"><div class=\"title-sep sep- sep-solid\" style=\"border-color:#e0dede;\"><\/div><\/div><\/div><div class=\"fusion-text fusion-text-1\"><p>\u00c8 parte integrante di questa sezione l&#8217;informativa completa e dettagliata sulla privacy, consultabile al seguente link: https:\/\/carpanelli.com\/privacy.<br \/>La presente informativa \u00e8 resa a coloro che interagiscono con il sito web <a href=\"https:\/\/carpanelli.com\/?lang=en\">https:\/\/carpanelli.com<\/a> e i suoi domini di terzo livello. Essa non si applica ai siti di fornitori esterni eventualmente consultati tramite link presenti sul sito.<\/p>\n<h3>FINALITA&#8217; DEL TRATTAMENTO E DATI RACCOLTI<\/h3>\n<p>I dati raccolti attraverso il sito sono trattati per le seguenti finalit\u00e0:<\/p>\n<ol>\n<li><strong>Gestione tecnica del sito<\/strong>\n<ul>\n<li><strong>Base giuridica<\/strong>: legittimo interesse del Titolare<\/li>\n<li><strong>Finalit\u00e0<\/strong>: Ottimizzazione del sito, gestione tecnica, fornitura di contenuti e funzionalit\u00e0, e miglioramento dell\u2019esperienza dell&#8217;utente.<\/li>\n<\/ul>\n<\/li>\n<li><strong>Risposta a richieste di assistenza o informazioni<\/strong>\n<ul>\n<li><strong>Base giuridica<\/strong>: esecuzione di misure precontrattuali richieste dall\u2019utente<\/li>\n<li><strong>Finalit\u00e0<\/strong>: I dati inseriti nella sezione di richiesta assistenza o informazioni sono trattati unicamente per rispondere alle richieste inviate.<\/li>\n<\/ul>\n<\/li>\n<li><strong>Gestione dell\u2019e-commerce<\/strong>\n<ul>\n<li><strong>Base giuridica<\/strong>: esecuzione di un contratto<\/li>\n<li><strong>Finalit\u00e0<\/strong>: I dati forniti dagli utenti durante il processo di acquisto sono trattati per la gestione degli ordini, l\u2019elaborazione dei pagamenti e la consegna dei prodotti acquistati.<\/li>\n<\/ul>\n<\/li>\n<li><strong>Gestione della newsletter<\/strong>\n<ul>\n<li><strong>Base giuridica<\/strong>: legittimo interesse<\/li>\n<li><strong>Finalit\u00e0<\/strong>: I dati forniti dagli utenti durante il processo di acquisto sono trattati per la gestione degli ordini, l\u2019elaborazione dei pagamenti e la consegna dei prodotti acquistati.<\/li>\n<\/ul>\n<\/li>\n<\/ol>\n<h3 data-fontsize=\"38\" data-lineheight=\"49.4px\">&nbsp;<\/h3>\n<h3 class=\"fusion-responsive-typography-calculated\" data-fontsize=\"38\" data-lineheight=\"49.4px\">COOKIES<\/h3>\n<p>I Cookie sono costituiti da porzioni di codice installate all\u2019interno del browser il cui scopo principale \u00e8 quello di far funzionare pi\u00f9 efficacemente il sito e di abilitarne determinate funzionalit\u00e0. I cookie sono utilizzati per migliorare la navigazione globale dell\u2019Utente.<\/p>\n<p>I cookies si distinguono in tipologie diverse a seconda della tipologia dei dati trattati e sono:<\/p>\n<ul>\n<li><strong>Necessari<\/strong><\/li>\n<li><strong>Preferenze<\/strong><\/li>\n<li><strong>Statistiche<\/strong><\/li>\n<li><strong>Marketing<\/strong><\/li>\n<\/ul>\n<p>Nel plugin dedica to alla gestione dei cookies potrete prendere visione di tutti i cookies attivi e la relativa descrizione .<\/p>\n<p>Oltre ai menzionati cookies altre tecnologie permettono una migliore interazione con il sito. A titolo informativo:<\/p>\n<p><b>Tracking Pixel<br \/><\/b>Consiste nell\u2019inserire un pixel di controllo, o meglio parte di codice che permette di tracciare alcuni dati di sessione&nbsp; del sito. L\u2019efficienza e il la quantit\u00e0 di dati trasportati da questo codice sono molto differenti per ogni fornitore. Ad esempio nelle pubblicit\u00e0 su Facebook il pixel di controllo permette di valutare il grado di successo di una campagna marketing.<\/p>\n<p><b>Plugin<br \/><\/b>\u00c8 un programma che interagisce con un altro programma per ampliarne o estenderne le funzionalit\u00e0 originarie. Ad esempio i plugin per WordPress di Facebook o Instagram permettono di interagire con le pagine dei social integrando funzionalit\u00e0 non presenti su WordPress base.<\/p>\n<p><strong>Widget<br \/><\/strong>\u00c8 un componente grafico di una interfaccia utente, per facilitare la fruibilit\u00e0 dei programmi o siti.<\/p>\n<h3 class=\"fusion-responsive-typography-calculated\" data-fontsize=\"24\" data-lineheight=\"33.6px\">COME CONTROLLARE L\u2019INSTALLAZIONE DI COOKIE NEL PROPRIO BROWSER?<\/h3>\n<p>In aggiunta a quanto indicato in questo documento, l\u2019Utente pu\u00f2 gestire le preferenze relative ai Cookie direttamente all\u2019interno del proprio browser ed impedire che terze parti possano installarne. Tramite le preferenze del browser \u00e8 inoltre possibile eliminare i Cookie installati in passato. L\u2019Utente pu\u00f2 trovare informazioni su come gestire i Cookie nel suo browser ai seguenti indirizzi: Microsoft Windows Explorer, Mozilla Firefox, Google Chrome, Apple Safari.<br \/>\u00c8 importante notare che&nbsp;<strong>disabilitando i Cookie, il funzionamento del sito potrebbe essere parziale o compromesso<\/strong>.<br \/>In caso di servizi forniti da terze parti, l\u2019Utente pu\u00f2 avvalersi del proprio diritto di opporsi al tracciamento contattando direttamente la stessa.<br \/>L\u2019Utente pu\u00f2 infine avvalersi di Your Online Choices. Attraverso tale servizio \u00e8 possibile gestire le preferenze di tracciamento della maggior parte degli strumenti pubblicitari.<\/p>\n<h3>MODIFICHE ALL\u2019INFORMATIVA SULLA PRIVACY<\/h3>\n<p>Il titolare si riserva il diritto di modificare, aggiornare, aggiungere o rimuovere parti della presente informativa sulla privacy a propria discrezione e in qualsiasi momento. La persona interessata pu\u00f2 verificare in qualsiasi momento le eventuali modifiche. Al fine di facilitare tale verifica l\u2019informativa conterr\u00e0 l\u2019indicazione della data di aggiornamento dell\u2019informativa.<\/p>\n<p>Data di aggiornamento: 18.11.2024<\/p>\n<\/div><div class=\"fusion-clearfix\"><\/div><\/div><\/div><\/div><\/div>\n","protected":false},"excerpt":{"rendered":"","protected":false},"author":4,"featured_media":0,"parent":0,"menu_order":0,"comment_status":"closed","ping_status":"closed","template":"","meta":{"_acf_changed":false,"footnotes":""},"class_list":["post-101681","page","type-page","status-publish","hentry"],"acf":[],"_links":{"self":[{"href":"https:\/\/carpanelli.com\/en\/wp-json\/wp\/v2\/pages\/101681","targetHints":{"allow":["GET"]}}],"collection":[{"href":"https:\/\/carpanelli.com\/en\/wp-json\/wp\/v2\/pages"}],"about":[{"href":"https:\/\/carpanelli.com\/en\/wp-json\/wp\/v2\/types\/page"}],"author":[{"embeddable":true,"href":"https:\/\/carpanelli.com\/en\/wp-json\/wp\/v2\/users\/4"}],"replies":[{"embeddable":true,"href":"https:\/\/carpanelli.com\/en\/wp-json\/wp\/v2\/comments?post=101681"}],"version-history":[{"count":0,"href":"https:\/\/carpanelli.com\/en\/wp-json\/wp\/v2\/pages\/101681\/revisions"}],"wp:attachment":[{"href":"https:\/\/carpanelli.com\/en\/wp-json\/wp\/v2\/media?parent=101681"}],"curies":[{"name":"wp","href":"https:\/\/api.w.org\/{rel}","templated":true}]}}